{"id":3,"date":"2023-11-27T20:45:32","date_gmt":"2023-11-27T20:45:32","guid":{"rendered":"https:\/\/site17.arn1103.uqat.ca\/?page_id=3"},"modified":"2023-12-13T21:36:43","modified_gmt":"2023-12-13T21:36:43","slug":"privacy-policy","status":"publish","type":"page","link":"https:\/\/site17.arn1103.uqat.ca\/index.php\/privacy-policy\/","title":{"rendered":"Politique de confidentialit\u00e9"},"content":{"rendered":"\n<p class=\"has-base-color has-contrast-2-background-color has-text-color has-background has-link-color wp-elements-07318c5a7373e8e325c42e643a198ab5\">Chez Tondeuse.inc, nous souhaitons que vous compreniez quelles informations nous recueillons et comment nous les utilisons et les partageons. C\u2019est pourquoi nous vous encourageons \u00e0 lire notre Politique de confidentialit\u00e9. Cela vous permet d\u2019utiliser les tondeuses de la mani\u00e8re qui vous convient le mieux.<\/p>\n\n\n\n<p>Dans cette Politique de confidentialit\u00e9, nous expliquons comment nous recueillons, utilisons, partageons, stockons et transf\u00e9rons les informations. Nous vous faisons \u00e9galement savoir quels sont vos droits. Chaque section de la Politique comprend des exemples utiles et un langage simple pour rendre nos pratiques plus simples \u00e0 comprendre. Nous avons \u00e9galement ajout\u00e9 des liens vers des ressources qui vous permettent d\u2019en savoir plus sur les th\u00e8mes relatifs \u00e0 la confidentialit\u00e9 susceptibles de vous int\u00e9resser.<\/p>\n\n\n\n<p>Il nous importe que vous sachiez comment contr\u00f4ler votre confidentialit\u00e9, c\u2019est pourquoi nous vous montrons \u00e9galement o\u00f9 vous pouvez g\u00e9rer vos informations dans les param\u00e8tres des Produits Meta que vous utilisez. Vous pouvez nous contacter pour moduler votre exp\u00e9rience.<\/p>\n\n\n\n<p class=\"has-base-2-color has-contrast-2-background-color has-text-color has-background has-link-color wp-elements-a9ebea5f87c3cbd1ce372fd58f456399\">Lisez la politique compl\u00e8te ci-dessous.<\/p>\n\n\n\n<p class=\"has-base-2-color has-contrast-3-background-color has-text-color has-background has-link-color has-large-font-size wp-elements-3890bbf6afadf9b0944e6e1a671723d2\"><a href=\"https:\/\/www.instagram.com\/officialrickastley\/\" target=\"_blank\" rel=\"noreferrer noopener\">Cliquez ici!(ps c&rsquo;est d\u00e9finitivement pas la politique de confidentialit\u00e9 d&rsquo;un autre site que j&rsquo;ai copi\u00e9\/coll\u00e9)<\/a><\/p>\n","protected":false},"excerpt":{"rendered":"<p>Chez Tondeuse.inc, nous souhaitons que vous compreniez quelles informations nous recueillons et comment nous les utilisons et les partageons. C\u2019est pourquoi nous vous encourageons \u00e0 lire notre Politique de confidentialit\u00e9. Cela vous permet d\u2019utiliser les tondeuses de la mani\u00e8re qui vous convient le mieux. Dans cette Politique de confidentialit\u00e9, nous expliquons comment nous recueillons, utilisons, [&hellip;]<\/p>\n","protected":false},"author":1,"featured_media":0,"parent":0,"menu_order":0,"comment_status":"closed","ping_status":"closed","template":"","meta":{"footnotes":""},"class_list":["post-3","page","type-page","status-publish","hentry"],"yoast_head":"<!-- This site is optimized with the Yoast SEO plugin v27.6 - https:\/\/yoast.com\/product\/yoast-seo-wordpress\/ -->\n<title>Politique de confidentialit\u00e9 - Tondeuse.inc<\/title>\n<meta name=\"robots\" content=\"index, follow, max-snippet:-1, max-image-preview:large, max-video-preview:-1\" \/>\n<link rel=\"canonical\" href=\"https:\/\/site17.arn1103.uqat.ca\/index.php\/privacy-policy\/\" \/>\n<meta property=\"og:locale\" content=\"fr_CA\" \/>\n<meta property=\"og:type\" content=\"article\" \/>\n<meta property=\"og:title\" content=\"Politique de confidentialit\u00e9 - Tondeuse.inc\" \/>\n<meta property=\"og:description\" content=\"Chez Tondeuse.inc, nous souhaitons que vous compreniez quelles informations nous recueillons et comment nous les utilisons et les partageons. C\u2019est pourquoi nous vous encourageons \u00e0 lire notre Politique de confidentialit\u00e9. Cela vous permet d\u2019utiliser les tondeuses de la mani\u00e8re qui vous convient le mieux. Dans cette Politique de confidentialit\u00e9, nous expliquons comment nous recueillons, utilisons, [&hellip;]\" \/>\n<meta property=\"og:url\" content=\"https:\/\/site17.arn1103.uqat.ca\/index.php\/privacy-policy\/\" \/>\n<meta property=\"og:site_name\" content=\"Tondeuse.inc\" \/>\n<meta property=\"article:modified_time\" content=\"2023-12-13T21:36:43+00:00\" \/>\n<meta name=\"twitter:card\" content=\"summary_large_image\" \/>\n<meta name=\"twitter:label1\" content=\"Estimation du temps de lecture\" \/>\n\t<meta name=\"twitter:data1\" content=\"1 minute\" \/>\n<script type=\"application\/ld+json\" class=\"yoast-schema-graph\">{\"@context\":\"https:\\\/\\\/schema.org\",\"@graph\":[{\"@type\":\"WebPage\",\"@id\":\"https:\\\/\\\/site17.arn1103.uqat.ca\\\/index.php\\\/privacy-policy\\\/\",\"url\":\"https:\\\/\\\/site17.arn1103.uqat.ca\\\/index.php\\\/privacy-policy\\\/\",\"name\":\"Politique de confidentialit\u00e9 - Tondeuse.inc\",\"isPartOf\":{\"@id\":\"https:\\\/\\\/site17.arn1103.uqat.ca\\\/#website\"},\"datePublished\":\"2023-11-27T20:45:32+00:00\",\"dateModified\":\"2023-12-13T21:36:43+00:00\",\"breadcrumb\":{\"@id\":\"https:\\\/\\\/site17.arn1103.uqat.ca\\\/index.php\\\/privacy-policy\\\/#breadcrumb\"},\"inLanguage\":\"fr-CA\",\"potentialAction\":[{\"@type\":\"ReadAction\",\"target\":[\"https:\\\/\\\/site17.arn1103.uqat.ca\\\/index.php\\\/privacy-policy\\\/\"]}]},{\"@type\":\"BreadcrumbList\",\"@id\":\"https:\\\/\\\/site17.arn1103.uqat.ca\\\/index.php\\\/privacy-policy\\\/#breadcrumb\",\"itemListElement\":[{\"@type\":\"ListItem\",\"position\":1,\"name\":\"Accueil\",\"item\":\"https:\\\/\\\/site17.arn1103.uqat.ca\\\/\"},{\"@type\":\"ListItem\",\"position\":2,\"name\":\"Politique de confidentialit\u00e9\"}]},{\"@type\":\"WebSite\",\"@id\":\"https:\\\/\\\/site17.arn1103.uqat.ca\\\/#website\",\"url\":\"https:\\\/\\\/site17.arn1103.uqat.ca\\\/\",\"name\":\"Tondeuse.inc\",\"description\":\"Tondeuses vertes pour un avenir vert.\",\"publisher\":{\"@id\":\"https:\\\/\\\/site17.arn1103.uqat.ca\\\/#organization\"},\"potentialAction\":[{\"@type\":\"SearchAction\",\"target\":{\"@type\":\"EntryPoint\",\"urlTemplate\":\"https:\\\/\\\/site17.arn1103.uqat.ca\\\/?s={search_term_string}\"},\"query-input\":{\"@type\":\"PropertyValueSpecification\",\"valueRequired\":true,\"valueName\":\"search_term_string\"}}],\"inLanguage\":\"fr-CA\"},{\"@type\":\"Organization\",\"@id\":\"https:\\\/\\\/site17.arn1103.uqat.ca\\\/#organization\",\"name\":\"Tondeuse.inc\",\"url\":\"https:\\\/\\\/site17.arn1103.uqat.ca\\\/\",\"logo\":{\"@type\":\"ImageObject\",\"inLanguage\":\"fr-CA\",\"@id\":\"https:\\\/\\\/site17.arn1103.uqat.ca\\\/#\\\/schema\\\/logo\\\/image\\\/\",\"url\":\"https:\\\/\\\/site17.arn1103.uqat.ca\\\/wp-content\\\/uploads\\\/2023\\\/12\\\/snorlax-gmax.png\",\"contentUrl\":\"https:\\\/\\\/site17.arn1103.uqat.ca\\\/wp-content\\\/uploads\\\/2023\\\/12\\\/snorlax-gmax.png\",\"width\":68,\"height\":56,\"caption\":\"Tondeuse.inc\"},\"image\":{\"@id\":\"https:\\\/\\\/site17.arn1103.uqat.ca\\\/#\\\/schema\\\/logo\\\/image\\\/\"}}]}<\/script>\n<!-- \/ Yoast SEO plugin. -->","yoast_head_json":{"title":"Politique de confidentialit\u00e9 - Tondeuse.inc","robots":{"index":"index","follow":"follow","max-snippet":"max-snippet:-1","max-image-preview":"max-image-preview:large","max-video-preview":"max-video-preview:-1"},"canonical":"https:\/\/site17.arn1103.uqat.ca\/index.php\/privacy-policy\/","og_locale":"fr_CA","og_type":"article","og_title":"Politique de confidentialit\u00e9 - Tondeuse.inc","og_description":"Chez Tondeuse.inc, nous souhaitons que vous compreniez quelles informations nous recueillons et comment nous les utilisons et les partageons. C\u2019est pourquoi nous vous encourageons \u00e0 lire notre Politique de confidentialit\u00e9. Cela vous permet d\u2019utiliser les tondeuses de la mani\u00e8re qui vous convient le mieux. Dans cette Politique de confidentialit\u00e9, nous expliquons comment nous recueillons, utilisons, [&hellip;]","og_url":"https:\/\/site17.arn1103.uqat.ca\/index.php\/privacy-policy\/","og_site_name":"Tondeuse.inc","article_modified_time":"2023-12-13T21:36:43+00:00","twitter_card":"summary_large_image","twitter_misc":{"Estimation du temps de lecture":"1 minute"},"schema":{"@context":"https:\/\/schema.org","@graph":[{"@type":"WebPage","@id":"https:\/\/site17.arn1103.uqat.ca\/index.php\/privacy-policy\/","url":"https:\/\/site17.arn1103.uqat.ca\/index.php\/privacy-policy\/","name":"Politique de confidentialit\u00e9 - Tondeuse.inc","isPartOf":{"@id":"https:\/\/site17.arn1103.uqat.ca\/#website"},"datePublished":"2023-11-27T20:45:32+00:00","dateModified":"2023-12-13T21:36:43+00:00","breadcrumb":{"@id":"https:\/\/site17.arn1103.uqat.ca\/index.php\/privacy-policy\/#breadcrumb"},"inLanguage":"fr-CA","potentialAction":[{"@type":"ReadAction","target":["https:\/\/site17.arn1103.uqat.ca\/index.php\/privacy-policy\/"]}]},{"@type":"BreadcrumbList","@id":"https:\/\/site17.arn1103.uqat.ca\/index.php\/privacy-policy\/#breadcrumb","itemListElement":[{"@type":"ListItem","position":1,"name":"Accueil","item":"https:\/\/site17.arn1103.uqat.ca\/"},{"@type":"ListItem","position":2,"name":"Politique de confidentialit\u00e9"}]},{"@type":"WebSite","@id":"https:\/\/site17.arn1103.uqat.ca\/#website","url":"https:\/\/site17.arn1103.uqat.ca\/","name":"Tondeuse.inc","description":"Tondeuses vertes pour un avenir vert.","publisher":{"@id":"https:\/\/site17.arn1103.uqat.ca\/#organization"},"potentialAction":[{"@type":"SearchAction","target":{"@type":"EntryPoint","urlTemplate":"https:\/\/site17.arn1103.uqat.ca\/?s={search_term_string}"},"query-input":{"@type":"PropertyValueSpecification","valueRequired":true,"valueName":"search_term_string"}}],"inLanguage":"fr-CA"},{"@type":"Organization","@id":"https:\/\/site17.arn1103.uqat.ca\/#organization","name":"Tondeuse.inc","url":"https:\/\/site17.arn1103.uqat.ca\/","logo":{"@type":"ImageObject","inLanguage":"fr-CA","@id":"https:\/\/site17.arn1103.uqat.ca\/#\/schema\/logo\/image\/","url":"https:\/\/site17.arn1103.uqat.ca\/wp-content\/uploads\/2023\/12\/snorlax-gmax.png","contentUrl":"https:\/\/site17.arn1103.uqat.ca\/wp-content\/uploads\/2023\/12\/snorlax-gmax.png","width":68,"height":56,"caption":"Tondeuse.inc"},"image":{"@id":"https:\/\/site17.arn1103.uqat.ca\/#\/schema\/logo\/image\/"}}]}},"_links":{"self":[{"href":"https:\/\/site17.arn1103.uqat.ca\/index.php\/wp-json\/wp\/v2\/pages\/3","targetHints":{"allow":["GET"]}}],"collection":[{"href":"https:\/\/site17.arn1103.uqat.ca\/index.php\/wp-json\/wp\/v2\/pages"}],"about":[{"href":"https:\/\/site17.arn1103.uqat.ca\/index.php\/wp-json\/wp\/v2\/types\/page"}],"author":[{"embeddable":true,"href":"https:\/\/site17.arn1103.uqat.ca\/index.php\/wp-json\/wp\/v2\/users\/1"}],"replies":[{"embeddable":true,"href":"https:\/\/site17.arn1103.uqat.ca\/index.php\/wp-json\/wp\/v2\/comments?post=3"}],"version-history":[{"count":2,"href":"https:\/\/site17.arn1103.uqat.ca\/index.php\/wp-json\/wp\/v2\/pages\/3\/revisions"}],"predecessor-version":[{"id":83,"href":"https:\/\/site17.arn1103.uqat.ca\/index.php\/wp-json\/wp\/v2\/pages\/3\/revisions\/83"}],"wp:attachment":[{"href":"https:\/\/site17.arn1103.uqat.ca\/index.php\/wp-json\/wp\/v2\/media?parent=3"}],"curies":[{"name":"wp","href":"https:\/\/api.w.org\/{rel}","templated":true}]}}