{"id":39,"date":"2023-12-07T01:00:30","date_gmt":"2023-12-07T01:00:30","guid":{"rendered":"https:\/\/site17.arn1103.uqat.ca\/?page_id=39"},"modified":"2023-12-13T22:27:32","modified_gmt":"2023-12-13T22:27:32","slug":"nous-rejoindre","status":"publish","type":"page","link":"https:\/\/site17.arn1103.uqat.ca\/index.php\/nous-rejoindre\/","title":{"rendered":"Nous rejoindre."},"content":{"rendered":"\n<h1 class=\"wp-block-heading is-style-default has-base-color has-contrast-2-background-color has-text-color has-background has-link-color has-system-serif-font-family wp-elements-d42d398583420fff38fe3305ac0ce225\">Ouvert 24\/7, 365 jours par ann\u00e9e.<\/h1>\n\n\n\n<p class=\"has-contrast-2-color has-base-2-background-color has-text-color has-background has-link-color wp-elements-9f855a38fae371b9d99c1496513f3c30\">Adresse courriel:<\/p>\n\n\n\n<p>Tondeuseinc@yahoo.com<\/p>\n\n\n\n<p class=\"has-base-color has-contrast-3-background-color has-text-color has-background has-link-color wp-elements-7a3367f20c5c0dd02b11151c21d1bd16\">Num\u00e9ro de t\u00e9l\u00e9phone:<\/p>\n\n\n\n<div class=\"wp-block-group has-global-padding is-layout-constrained wp-block-group-is-layout-constrained\">\n<ul class=\"wp-block-list\">\n<li><strong>Afrique:<\/strong> +234 1234 5678 (Nigeria)<\/li>\n\n\n\n<li><strong>Am\u00e9rique du Nord:<\/strong> +1 555 123 4567 (\u00c9tats-Unis)<\/li>\n\n\n\n<li><strong>Am\u00e9rique du Sud:<\/strong> +55 11 98765 4321 (Br\u00e9sil)<\/li>\n\n\n\n<li><strong>Asie:<\/strong> +81 90 1234 5678 (Japon)<\/li>\n\n\n\n<li><strong>Europe:<\/strong> +44 20 7123 4567 (Royaume-Uni)<\/li>\n\n\n\n<li><strong>Oc\u00e9anie:<\/strong> +61 2 9876 5432 (Australie)<\/li>\n<\/ul>\n<\/div>\n\n\n\n<p class=\"has-base-color has-contrast-2-background-color has-text-color has-background has-link-color wp-elements-34f3fc4af7602adaab50b94bf067a6d1\">R\u00e9seaux sociaux:<\/p>\n\n\n\n<ul class=\"wp-block-list\">\n<li>Instagram: @Tondeuse_inc22<\/li>\n\n\n\n<li>Twitter: @SuperTondeuse_inc<\/li>\n\n\n\n<li>Facebook: @Tondeuse_inc<\/li>\n<\/ul>\n\n\n\n<p class=\"has-base-color has-contrast-2-background-color has-text-color has-background has-link-color has-medium-font-size wp-elements-844cbdbecfbe6e48390f0a0fddceec64\">Localisation de nos locaux physique:<\/p>\n\n\n\n<p class=\"has-base-2-background-color has-background\"><em>Qeqertarsuatsiaat, Groenland<\/em><\/p>\n\n\n\n<h1 class=\"wp-block-heading has-contrast-2-color has-text-color has-link-color wp-elements-be6e6b56c80eb9516c55a7f357e7bf73\"><a href=\"https:\/\/maps.app.goo.gl\/7ZsLv9MTURU15UFw8\"><img loading=\"lazy\" decoding=\"async\" width=\"300\" height=\"139\" class=\"size-medium wp-image-51 alignleft\" src=\"https:\/\/site17.arn1103.uqat.ca\/wp-content\/uploads\/2023\/12\/Capture-decran-le-2023-12-06-a-21.05.07-300x139.png\" alt=\"\" srcset=\"https:\/\/site17.arn1103.uqat.ca\/wp-content\/uploads\/2023\/12\/Capture-decran-le-2023-12-06-a-21.05.07-300x139.png 300w, https:\/\/site17.arn1103.uqat.ca\/wp-content\/uploads\/2023\/12\/Capture-decran-le-2023-12-06-a-21.05.07-1024x474.png 1024w, https:\/\/site17.arn1103.uqat.ca\/wp-content\/uploads\/2023\/12\/Capture-decran-le-2023-12-06-a-21.05.07-768x356.png 768w, https:\/\/site17.arn1103.uqat.ca\/wp-content\/uploads\/2023\/12\/Capture-decran-le-2023-12-06-a-21.05.07-1536x711.png 1536w, https:\/\/site17.arn1103.uqat.ca\/wp-content\/uploads\/2023\/12\/Capture-decran-le-2023-12-06-a-21.05.07.png 1996w\" sizes=\"auto, (max-width: 300px) 100vw, 300px\" \/><\/a><\/h1>\n","protected":false},"excerpt":{"rendered":"<p>Ouvert 24\/7, 365 jours par ann\u00e9e. Adresse courriel: Tondeuseinc@yahoo.com Num\u00e9ro de t\u00e9l\u00e9phone: R\u00e9seaux sociaux: Localisation de nos locaux physique: Qeqertarsuatsiaat, Groenland<\/p>\n","protected":false},"author":1,"featured_media":0,"parent":0,"menu_order":0,"comment_status":"closed","ping_status":"closed","template":"","meta":{"footnotes":""},"class_list":["post-39","page","type-page","status-publish","hentry"],"yoast_head":"<!-- This site is optimized with the Yoast SEO plugin v27.6 - https:\/\/yoast.com\/product\/yoast-seo-wordpress\/ -->\n<title>Nous rejoindre. - Tondeuse.inc<\/title>\n<meta name=\"description\" content=\"Nous rejoindre, Num\u00e9ro, t\u00e9l\u00e9phone, num\u00e9ro de t\u00e9l\u00e9phone, adresse, localisation, contact, tondeuse, monde, super\" \/>\n<meta name=\"robots\" content=\"index, follow, max-snippet:-1, max-image-preview:large, max-video-preview:-1\" \/>\n<link rel=\"canonical\" href=\"https:\/\/site17.arn1103.uqat.ca\/index.php\/nous-rejoindre\/\" \/>\n<meta property=\"og:locale\" content=\"fr_CA\" \/>\n<meta property=\"og:type\" content=\"article\" \/>\n<meta property=\"og:title\" content=\"Nous rejoindre. - Tondeuse.inc\" \/>\n<meta property=\"og:description\" content=\"Nous rejoindre, Num\u00e9ro, t\u00e9l\u00e9phone, num\u00e9ro de t\u00e9l\u00e9phone, adresse, localisation, contact, tondeuse, monde, super\" \/>\n<meta property=\"og:url\" content=\"https:\/\/site17.arn1103.uqat.ca\/index.php\/nous-rejoindre\/\" \/>\n<meta property=\"og:site_name\" content=\"Tondeuse.inc\" \/>\n<meta property=\"article:modified_time\" content=\"2023-12-13T22:27:32+00:00\" \/>\n<meta property=\"og:image\" content=\"https:\/\/site17.arn1103.uqat.ca\/wp-content\/uploads\/2023\/12\/Capture-decran-le-2023-12-06-a-21.05.07-300x139.png\" \/>\n<meta name=\"twitter:card\" content=\"summary_large_image\" \/>\n<meta name=\"twitter:label1\" content=\"Estimation du temps de lecture\" \/>\n\t<meta name=\"twitter:data1\" content=\"1 minute\" \/>\n<script type=\"application\/ld+json\" class=\"yoast-schema-graph\">{\"@context\":\"https:\\\/\\\/schema.org\",\"@graph\":[{\"@type\":\"WebPage\",\"@id\":\"https:\\\/\\\/site17.arn1103.uqat.ca\\\/index.php\\\/nous-rejoindre\\\/\",\"url\":\"https:\\\/\\\/site17.arn1103.uqat.ca\\\/index.php\\\/nous-rejoindre\\\/\",\"name\":\"Nous rejoindre. - Tondeuse.inc\",\"isPartOf\":{\"@id\":\"https:\\\/\\\/site17.arn1103.uqat.ca\\\/#website\"},\"primaryImageOfPage\":{\"@id\":\"https:\\\/\\\/site17.arn1103.uqat.ca\\\/index.php\\\/nous-rejoindre\\\/#primaryimage\"},\"image\":{\"@id\":\"https:\\\/\\\/site17.arn1103.uqat.ca\\\/index.php\\\/nous-rejoindre\\\/#primaryimage\"},\"thumbnailUrl\":\"https:\\\/\\\/site17.arn1103.uqat.ca\\\/wp-content\\\/uploads\\\/2023\\\/12\\\/Capture-decran-le-2023-12-06-a-21.05.07-300x139.png\",\"datePublished\":\"2023-12-07T01:00:30+00:00\",\"dateModified\":\"2023-12-13T22:27:32+00:00\",\"description\":\"Nous rejoindre, Num\u00e9ro, t\u00e9l\u00e9phone, num\u00e9ro de t\u00e9l\u00e9phone, adresse, localisation, contact, tondeuse, monde, super\",\"breadcrumb\":{\"@id\":\"https:\\\/\\\/site17.arn1103.uqat.ca\\\/index.php\\\/nous-rejoindre\\\/#breadcrumb\"},\"inLanguage\":\"fr-CA\",\"potentialAction\":[{\"@type\":\"ReadAction\",\"target\":[\"https:\\\/\\\/site17.arn1103.uqat.ca\\\/index.php\\\/nous-rejoindre\\\/\"]}]},{\"@type\":\"ImageObject\",\"inLanguage\":\"fr-CA\",\"@id\":\"https:\\\/\\\/site17.arn1103.uqat.ca\\\/index.php\\\/nous-rejoindre\\\/#primaryimage\",\"url\":\"https:\\\/\\\/site17.arn1103.uqat.ca\\\/wp-content\\\/uploads\\\/2023\\\/12\\\/Capture-decran-le-2023-12-06-a-21.05.07.png\",\"contentUrl\":\"https:\\\/\\\/site17.arn1103.uqat.ca\\\/wp-content\\\/uploads\\\/2023\\\/12\\\/Capture-decran-le-2023-12-06-a-21.05.07.png\",\"width\":1996,\"height\":924},{\"@type\":\"BreadcrumbList\",\"@id\":\"https:\\\/\\\/site17.arn1103.uqat.ca\\\/index.php\\\/nous-rejoindre\\\/#breadcrumb\",\"itemListElement\":[{\"@type\":\"ListItem\",\"position\":1,\"name\":\"Accueil\",\"item\":\"https:\\\/\\\/site17.arn1103.uqat.ca\\\/\"},{\"@type\":\"ListItem\",\"position\":2,\"name\":\"Nous rejoindre.\"}]},{\"@type\":\"WebSite\",\"@id\":\"https:\\\/\\\/site17.arn1103.uqat.ca\\\/#website\",\"url\":\"https:\\\/\\\/site17.arn1103.uqat.ca\\\/\",\"name\":\"Tondeuse.inc\",\"description\":\"Tondeuses vertes pour un avenir vert.\",\"publisher\":{\"@id\":\"https:\\\/\\\/site17.arn1103.uqat.ca\\\/#organization\"},\"potentialAction\":[{\"@type\":\"SearchAction\",\"target\":{\"@type\":\"EntryPoint\",\"urlTemplate\":\"https:\\\/\\\/site17.arn1103.uqat.ca\\\/?s={search_term_string}\"},\"query-input\":{\"@type\":\"PropertyValueSpecification\",\"valueRequired\":true,\"valueName\":\"search_term_string\"}}],\"inLanguage\":\"fr-CA\"},{\"@type\":\"Organization\",\"@id\":\"https:\\\/\\\/site17.arn1103.uqat.ca\\\/#organization\",\"name\":\"Tondeuse.inc\",\"url\":\"https:\\\/\\\/site17.arn1103.uqat.ca\\\/\",\"logo\":{\"@type\":\"ImageObject\",\"inLanguage\":\"fr-CA\",\"@id\":\"https:\\\/\\\/site17.arn1103.uqat.ca\\\/#\\\/schema\\\/logo\\\/image\\\/\",\"url\":\"https:\\\/\\\/site17.arn1103.uqat.ca\\\/wp-content\\\/uploads\\\/2023\\\/12\\\/snorlax-gmax.png\",\"contentUrl\":\"https:\\\/\\\/site17.arn1103.uqat.ca\\\/wp-content\\\/uploads\\\/2023\\\/12\\\/snorlax-gmax.png\",\"width\":68,\"height\":56,\"caption\":\"Tondeuse.inc\"},\"image\":{\"@id\":\"https:\\\/\\\/site17.arn1103.uqat.ca\\\/#\\\/schema\\\/logo\\\/image\\\/\"}}]}<\/script>\n<!-- \/ Yoast SEO plugin. -->","yoast_head_json":{"title":"Nous rejoindre. - Tondeuse.inc","description":"Nous rejoindre, Num\u00e9ro, t\u00e9l\u00e9phone, num\u00e9ro de t\u00e9l\u00e9phone, adresse, localisation, contact, tondeuse, monde, super","robots":{"index":"index","follow":"follow","max-snippet":"max-snippet:-1","max-image-preview":"max-image-preview:large","max-video-preview":"max-video-preview:-1"},"canonical":"https:\/\/site17.arn1103.uqat.ca\/index.php\/nous-rejoindre\/","og_locale":"fr_CA","og_type":"article","og_title":"Nous rejoindre. - Tondeuse.inc","og_description":"Nous rejoindre, Num\u00e9ro, t\u00e9l\u00e9phone, num\u00e9ro de t\u00e9l\u00e9phone, adresse, localisation, contact, tondeuse, monde, super","og_url":"https:\/\/site17.arn1103.uqat.ca\/index.php\/nous-rejoindre\/","og_site_name":"Tondeuse.inc","article_modified_time":"2023-12-13T22:27:32+00:00","og_image":[{"url":"https:\/\/site17.arn1103.uqat.ca\/wp-content\/uploads\/2023\/12\/Capture-decran-le-2023-12-06-a-21.05.07-300x139.png","type":"","width":"","height":""}],"twitter_card":"summary_large_image","twitter_misc":{"Estimation du temps de lecture":"1 minute"},"schema":{"@context":"https:\/\/schema.org","@graph":[{"@type":"WebPage","@id":"https:\/\/site17.arn1103.uqat.ca\/index.php\/nous-rejoindre\/","url":"https:\/\/site17.arn1103.uqat.ca\/index.php\/nous-rejoindre\/","name":"Nous rejoindre. - Tondeuse.inc","isPartOf":{"@id":"https:\/\/site17.arn1103.uqat.ca\/#website"},"primaryImageOfPage":{"@id":"https:\/\/site17.arn1103.uqat.ca\/index.php\/nous-rejoindre\/#primaryimage"},"image":{"@id":"https:\/\/site17.arn1103.uqat.ca\/index.php\/nous-rejoindre\/#primaryimage"},"thumbnailUrl":"https:\/\/site17.arn1103.uqat.ca\/wp-content\/uploads\/2023\/12\/Capture-decran-le-2023-12-06-a-21.05.07-300x139.png","datePublished":"2023-12-07T01:00:30+00:00","dateModified":"2023-12-13T22:27:32+00:00","description":"Nous rejoindre, Num\u00e9ro, t\u00e9l\u00e9phone, num\u00e9ro de t\u00e9l\u00e9phone, adresse, localisation, contact, tondeuse, monde, super","breadcrumb":{"@id":"https:\/\/site17.arn1103.uqat.ca\/index.php\/nous-rejoindre\/#breadcrumb"},"inLanguage":"fr-CA","potentialAction":[{"@type":"ReadAction","target":["https:\/\/site17.arn1103.uqat.ca\/index.php\/nous-rejoindre\/"]}]},{"@type":"ImageObject","inLanguage":"fr-CA","@id":"https:\/\/site17.arn1103.uqat.ca\/index.php\/nous-rejoindre\/#primaryimage","url":"https:\/\/site17.arn1103.uqat.ca\/wp-content\/uploads\/2023\/12\/Capture-decran-le-2023-12-06-a-21.05.07.png","contentUrl":"https:\/\/site17.arn1103.uqat.ca\/wp-content\/uploads\/2023\/12\/Capture-decran-le-2023-12-06-a-21.05.07.png","width":1996,"height":924},{"@type":"BreadcrumbList","@id":"https:\/\/site17.arn1103.uqat.ca\/index.php\/nous-rejoindre\/#breadcrumb","itemListElement":[{"@type":"ListItem","position":1,"name":"Accueil","item":"https:\/\/site17.arn1103.uqat.ca\/"},{"@type":"ListItem","position":2,"name":"Nous rejoindre."}]},{"@type":"WebSite","@id":"https:\/\/site17.arn1103.uqat.ca\/#website","url":"https:\/\/site17.arn1103.uqat.ca\/","name":"Tondeuse.inc","description":"Tondeuses vertes pour un avenir vert.","publisher":{"@id":"https:\/\/site17.arn1103.uqat.ca\/#organization"},"potentialAction":[{"@type":"SearchAction","target":{"@type":"EntryPoint","urlTemplate":"https:\/\/site17.arn1103.uqat.ca\/?s={search_term_string}"},"query-input":{"@type":"PropertyValueSpecification","valueRequired":true,"valueName":"search_term_string"}}],"inLanguage":"fr-CA"},{"@type":"Organization","@id":"https:\/\/site17.arn1103.uqat.ca\/#organization","name":"Tondeuse.inc","url":"https:\/\/site17.arn1103.uqat.ca\/","logo":{"@type":"ImageObject","inLanguage":"fr-CA","@id":"https:\/\/site17.arn1103.uqat.ca\/#\/schema\/logo\/image\/","url":"https:\/\/site17.arn1103.uqat.ca\/wp-content\/uploads\/2023\/12\/snorlax-gmax.png","contentUrl":"https:\/\/site17.arn1103.uqat.ca\/wp-content\/uploads\/2023\/12\/snorlax-gmax.png","width":68,"height":56,"caption":"Tondeuse.inc"},"image":{"@id":"https:\/\/site17.arn1103.uqat.ca\/#\/schema\/logo\/image\/"}}]}},"_links":{"self":[{"href":"https:\/\/site17.arn1103.uqat.ca\/index.php\/wp-json\/wp\/v2\/pages\/39","targetHints":{"allow":["GET"]}}],"collection":[{"href":"https:\/\/site17.arn1103.uqat.ca\/index.php\/wp-json\/wp\/v2\/pages"}],"about":[{"href":"https:\/\/site17.arn1103.uqat.ca\/index.php\/wp-json\/wp\/v2\/types\/page"}],"author":[{"embeddable":true,"href":"https:\/\/site17.arn1103.uqat.ca\/index.php\/wp-json\/wp\/v2\/users\/1"}],"replies":[{"embeddable":true,"href":"https:\/\/site17.arn1103.uqat.ca\/index.php\/wp-json\/wp\/v2\/comments?post=39"}],"version-history":[{"count":7,"href":"https:\/\/site17.arn1103.uqat.ca\/index.php\/wp-json\/wp\/v2\/pages\/39\/revisions"}],"predecessor-version":[{"id":92,"href":"https:\/\/site17.arn1103.uqat.ca\/index.php\/wp-json\/wp\/v2\/pages\/39\/revisions\/92"}],"wp:attachment":[{"href":"https:\/\/site17.arn1103.uqat.ca\/index.php\/wp-json\/wp\/v2\/media?parent=39"}],"curies":[{"name":"wp","href":"https:\/\/api.w.org\/{rel}","templated":true}]}}