{"id":45,"date":"2023-12-07T01:23:50","date_gmt":"2023-12-07T01:23:50","guid":{"rendered":"https:\/\/site17.arn1103.uqat.ca\/?page_id=45"},"modified":"2023-12-07T02:35:50","modified_gmt":"2023-12-07T02:35:50","slug":"a-propos","status":"publish","type":"page","link":"https:\/\/site17.arn1103.uqat.ca\/index.php\/a-propos\/","title":{"rendered":"\u00c0 propos."},"content":{"rendered":"<p>Notre compagnie op\u00e8re de p\u00e8re en fils depuis plus de 100 ans et s&rsquo;efforce \u00e0 \u00eatre le plus vert possible. Nos tondeuse sont toutes \u00e9lectriques depuis que la technologie existe et nos v\u00e9hicule de compagnie \u00e9galement.\u00a0<\/p>\n\n\n<figure class=\"wp-block-image size-large wp-duotone-duotone-4\"><img loading=\"lazy\" decoding=\"async\" width=\"768\" height=\"1024\" src=\"https:\/\/site17.arn1103.uqat.ca\/wp-content\/uploads\/2023\/12\/pexels-alan-miller-8174996-768x1024.jpg\" alt=\"\" class=\"wp-image-57\" srcset=\"https:\/\/site17.arn1103.uqat.ca\/wp-content\/uploads\/2023\/12\/pexels-alan-miller-8174996-768x1024.jpg 768w, https:\/\/site17.arn1103.uqat.ca\/wp-content\/uploads\/2023\/12\/pexels-alan-miller-8174996-225x300.jpg 225w, https:\/\/site17.arn1103.uqat.ca\/wp-content\/uploads\/2023\/12\/pexels-alan-miller-8174996-1152x1536.jpg 1152w, https:\/\/site17.arn1103.uqat.ca\/wp-content\/uploads\/2023\/12\/pexels-alan-miller-8174996-1536x2048.jpg 1536w, https:\/\/site17.arn1103.uqat.ca\/wp-content\/uploads\/2023\/12\/pexels-alan-miller-8174996-scaled.jpg 1920w\" sizes=\"auto, (max-width: 768px) 100vw, 768px\" \/><\/figure>\n\n\n\n<p><em>Notre meilleur employ\u00e9 de Norv\u00e8ge de 1985, Knut Johansen.<\/em><\/p>\n\n\n\n<p>Depuis notre croissance des ann\u00e9es 30, nous nous sommes ouvert des succursale partout au monde, m\u00eame en Cor\u00e9e du Nord! Nous vraiment partie tr\u00e8s loin de notre petit village originel du <em>Groenland<\/em>, <em>Qeqertarsuatsiaat<\/em>. <\/p>\n\n\n\n<p><\/p>\n","protected":false},"excerpt":{"rendered":"<p>Notre compagnie op\u00e8re de p\u00e8re en fils depuis plus de 100 ans et s&rsquo;efforce \u00e0 \u00eatre le plus vert possible. Nos tondeuse sont toutes \u00e9lectriques depuis que la technologie existe et nos v\u00e9hicule de compagnie \u00e9galement.\u00a0 Notre meilleur employ\u00e9 de Norv\u00e8ge de 1985, Knut Johansen. Depuis notre croissance des ann\u00e9es 30, nous nous sommes ouvert [&hellip;]<\/p>\n","protected":false},"author":1,"featured_media":0,"parent":0,"menu_order":0,"comment_status":"closed","ping_status":"closed","template":"","meta":{"footnotes":""},"class_list":["post-45","page","type-page","status-publish","hentry"],"yoast_head":"<!-- This site is optimized with the Yoast SEO plugin v27.6 - https:\/\/yoast.com\/product\/yoast-seo-wordpress\/ -->\n<title>\u00c0 propos. - Tondeuse.inc<\/title>\n<meta name=\"robots\" content=\"index, follow, max-snippet:-1, max-image-preview:large, max-video-preview:-1\" \/>\n<link rel=\"canonical\" href=\"https:\/\/site17.arn1103.uqat.ca\/index.php\/a-propos\/\" \/>\n<meta property=\"og:locale\" content=\"fr_CA\" \/>\n<meta property=\"og:type\" content=\"article\" \/>\n<meta property=\"og:title\" content=\"\u00c0 propos. - Tondeuse.inc\" \/>\n<meta property=\"og:description\" content=\"Notre compagnie op\u00e8re de p\u00e8re en fils depuis plus de 100 ans et s&rsquo;efforce \u00e0 \u00eatre le plus vert possible. Nos tondeuse sont toutes \u00e9lectriques depuis que la technologie existe et nos v\u00e9hicule de compagnie \u00e9galement.\u00a0 Notre meilleur employ\u00e9 de Norv\u00e8ge de 1985, Knut Johansen. Depuis notre croissance des ann\u00e9es 30, nous nous sommes ouvert [&hellip;]\" \/>\n<meta property=\"og:url\" content=\"https:\/\/site17.arn1103.uqat.ca\/index.php\/a-propos\/\" \/>\n<meta property=\"og:site_name\" content=\"Tondeuse.inc\" \/>\n<meta property=\"article:modified_time\" content=\"2023-12-07T02:35:50+00:00\" \/>\n<meta property=\"og:image\" content=\"https:\/\/site17.arn1103.uqat.ca\/wp-content\/uploads\/2023\/12\/pexels-alan-miller-8174996-768x1024.jpg\" \/>\n<meta name=\"twitter:card\" content=\"summary_large_image\" \/>\n<meta name=\"twitter:label1\" content=\"Estimation du temps de lecture\" \/>\n\t<meta name=\"twitter:data1\" content=\"1 minute\" \/>\n<script type=\"application\/ld+json\" class=\"yoast-schema-graph\">{\"@context\":\"https:\\\/\\\/schema.org\",\"@graph\":[{\"@type\":\"WebPage\",\"@id\":\"https:\\\/\\\/site17.arn1103.uqat.ca\\\/index.php\\\/a-propos\\\/\",\"url\":\"https:\\\/\\\/site17.arn1103.uqat.ca\\\/index.php\\\/a-propos\\\/\",\"name\":\"\u00c0 propos. - Tondeuse.inc\",\"isPartOf\":{\"@id\":\"https:\\\/\\\/site17.arn1103.uqat.ca\\\/#website\"},\"primaryImageOfPage\":{\"@id\":\"https:\\\/\\\/site17.arn1103.uqat.ca\\\/index.php\\\/a-propos\\\/#primaryimage\"},\"image\":{\"@id\":\"https:\\\/\\\/site17.arn1103.uqat.ca\\\/index.php\\\/a-propos\\\/#primaryimage\"},\"thumbnailUrl\":\"https:\\\/\\\/site17.arn1103.uqat.ca\\\/wp-content\\\/uploads\\\/2023\\\/12\\\/pexels-alan-miller-8174996-768x1024.jpg\",\"datePublished\":\"2023-12-07T01:23:50+00:00\",\"dateModified\":\"2023-12-07T02:35:50+00:00\",\"breadcrumb\":{\"@id\":\"https:\\\/\\\/site17.arn1103.uqat.ca\\\/index.php\\\/a-propos\\\/#breadcrumb\"},\"inLanguage\":\"fr-CA\",\"potentialAction\":[{\"@type\":\"ReadAction\",\"target\":[\"https:\\\/\\\/site17.arn1103.uqat.ca\\\/index.php\\\/a-propos\\\/\"]}]},{\"@type\":\"ImageObject\",\"inLanguage\":\"fr-CA\",\"@id\":\"https:\\\/\\\/site17.arn1103.uqat.ca\\\/index.php\\\/a-propos\\\/#primaryimage\",\"url\":\"https:\\\/\\\/site17.arn1103.uqat.ca\\\/wp-content\\\/uploads\\\/2023\\\/12\\\/pexels-alan-miller-8174996-scaled.jpg\",\"contentUrl\":\"https:\\\/\\\/site17.arn1103.uqat.ca\\\/wp-content\\\/uploads\\\/2023\\\/12\\\/pexels-alan-miller-8174996-scaled.jpg\",\"width\":1920,\"height\":2560},{\"@type\":\"BreadcrumbList\",\"@id\":\"https:\\\/\\\/site17.arn1103.uqat.ca\\\/index.php\\\/a-propos\\\/#breadcrumb\",\"itemListElement\":[{\"@type\":\"ListItem\",\"position\":1,\"name\":\"Accueil\",\"item\":\"https:\\\/\\\/site17.arn1103.uqat.ca\\\/\"},{\"@type\":\"ListItem\",\"position\":2,\"name\":\"\u00c0 propos.\"}]},{\"@type\":\"WebSite\",\"@id\":\"https:\\\/\\\/site17.arn1103.uqat.ca\\\/#website\",\"url\":\"https:\\\/\\\/site17.arn1103.uqat.ca\\\/\",\"name\":\"Tondeuse.inc\",\"description\":\"Tondeuses vertes pour un avenir vert.\",\"publisher\":{\"@id\":\"https:\\\/\\\/site17.arn1103.uqat.ca\\\/#organization\"},\"potentialAction\":[{\"@type\":\"SearchAction\",\"target\":{\"@type\":\"EntryPoint\",\"urlTemplate\":\"https:\\\/\\\/site17.arn1103.uqat.ca\\\/?s={search_term_string}\"},\"query-input\":{\"@type\":\"PropertyValueSpecification\",\"valueRequired\":true,\"valueName\":\"search_term_string\"}}],\"inLanguage\":\"fr-CA\"},{\"@type\":\"Organization\",\"@id\":\"https:\\\/\\\/site17.arn1103.uqat.ca\\\/#organization\",\"name\":\"Tondeuse.inc\",\"url\":\"https:\\\/\\\/site17.arn1103.uqat.ca\\\/\",\"logo\":{\"@type\":\"ImageObject\",\"inLanguage\":\"fr-CA\",\"@id\":\"https:\\\/\\\/site17.arn1103.uqat.ca\\\/#\\\/schema\\\/logo\\\/image\\\/\",\"url\":\"https:\\\/\\\/site17.arn1103.uqat.ca\\\/wp-content\\\/uploads\\\/2023\\\/12\\\/snorlax-gmax.png\",\"contentUrl\":\"https:\\\/\\\/site17.arn1103.uqat.ca\\\/wp-content\\\/uploads\\\/2023\\\/12\\\/snorlax-gmax.png\",\"width\":68,\"height\":56,\"caption\":\"Tondeuse.inc\"},\"image\":{\"@id\":\"https:\\\/\\\/site17.arn1103.uqat.ca\\\/#\\\/schema\\\/logo\\\/image\\\/\"}}]}<\/script>\n<!-- \/ Yoast SEO plugin. -->","yoast_head_json":{"title":"\u00c0 propos. - Tondeuse.inc","robots":{"index":"index","follow":"follow","max-snippet":"max-snippet:-1","max-image-preview":"max-image-preview:large","max-video-preview":"max-video-preview:-1"},"canonical":"https:\/\/site17.arn1103.uqat.ca\/index.php\/a-propos\/","og_locale":"fr_CA","og_type":"article","og_title":"\u00c0 propos. - Tondeuse.inc","og_description":"Notre compagnie op\u00e8re de p\u00e8re en fils depuis plus de 100 ans et s&rsquo;efforce \u00e0 \u00eatre le plus vert possible. Nos tondeuse sont toutes \u00e9lectriques depuis que la technologie existe et nos v\u00e9hicule de compagnie \u00e9galement.\u00a0 Notre meilleur employ\u00e9 de Norv\u00e8ge de 1985, Knut Johansen. Depuis notre croissance des ann\u00e9es 30, nous nous sommes ouvert [&hellip;]","og_url":"https:\/\/site17.arn1103.uqat.ca\/index.php\/a-propos\/","og_site_name":"Tondeuse.inc","article_modified_time":"2023-12-07T02:35:50+00:00","og_image":[{"url":"https:\/\/site17.arn1103.uqat.ca\/wp-content\/uploads\/2023\/12\/pexels-alan-miller-8174996-768x1024.jpg","type":"","width":"","height":""}],"twitter_card":"summary_large_image","twitter_misc":{"Estimation du temps de lecture":"1 minute"},"schema":{"@context":"https:\/\/schema.org","@graph":[{"@type":"WebPage","@id":"https:\/\/site17.arn1103.uqat.ca\/index.php\/a-propos\/","url":"https:\/\/site17.arn1103.uqat.ca\/index.php\/a-propos\/","name":"\u00c0 propos. - Tondeuse.inc","isPartOf":{"@id":"https:\/\/site17.arn1103.uqat.ca\/#website"},"primaryImageOfPage":{"@id":"https:\/\/site17.arn1103.uqat.ca\/index.php\/a-propos\/#primaryimage"},"image":{"@id":"https:\/\/site17.arn1103.uqat.ca\/index.php\/a-propos\/#primaryimage"},"thumbnailUrl":"https:\/\/site17.arn1103.uqat.ca\/wp-content\/uploads\/2023\/12\/pexels-alan-miller-8174996-768x1024.jpg","datePublished":"2023-12-07T01:23:50+00:00","dateModified":"2023-12-07T02:35:50+00:00","breadcrumb":{"@id":"https:\/\/site17.arn1103.uqat.ca\/index.php\/a-propos\/#breadcrumb"},"inLanguage":"fr-CA","potentialAction":[{"@type":"ReadAction","target":["https:\/\/site17.arn1103.uqat.ca\/index.php\/a-propos\/"]}]},{"@type":"ImageObject","inLanguage":"fr-CA","@id":"https:\/\/site17.arn1103.uqat.ca\/index.php\/a-propos\/#primaryimage","url":"https:\/\/site17.arn1103.uqat.ca\/wp-content\/uploads\/2023\/12\/pexels-alan-miller-8174996-scaled.jpg","contentUrl":"https:\/\/site17.arn1103.uqat.ca\/wp-content\/uploads\/2023\/12\/pexels-alan-miller-8174996-scaled.jpg","width":1920,"height":2560},{"@type":"BreadcrumbList","@id":"https:\/\/site17.arn1103.uqat.ca\/index.php\/a-propos\/#breadcrumb","itemListElement":[{"@type":"ListItem","position":1,"name":"Accueil","item":"https:\/\/site17.arn1103.uqat.ca\/"},{"@type":"ListItem","position":2,"name":"\u00c0 propos."}]},{"@type":"WebSite","@id":"https:\/\/site17.arn1103.uqat.ca\/#website","url":"https:\/\/site17.arn1103.uqat.ca\/","name":"Tondeuse.inc","description":"Tondeuses vertes pour un avenir vert.","publisher":{"@id":"https:\/\/site17.arn1103.uqat.ca\/#organization"},"potentialAction":[{"@type":"SearchAction","target":{"@type":"EntryPoint","urlTemplate":"https:\/\/site17.arn1103.uqat.ca\/?s={search_term_string}"},"query-input":{"@type":"PropertyValueSpecification","valueRequired":true,"valueName":"search_term_string"}}],"inLanguage":"fr-CA"},{"@type":"Organization","@id":"https:\/\/site17.arn1103.uqat.ca\/#organization","name":"Tondeuse.inc","url":"https:\/\/site17.arn1103.uqat.ca\/","logo":{"@type":"ImageObject","inLanguage":"fr-CA","@id":"https:\/\/site17.arn1103.uqat.ca\/#\/schema\/logo\/image\/","url":"https:\/\/site17.arn1103.uqat.ca\/wp-content\/uploads\/2023\/12\/snorlax-gmax.png","contentUrl":"https:\/\/site17.arn1103.uqat.ca\/wp-content\/uploads\/2023\/12\/snorlax-gmax.png","width":68,"height":56,"caption":"Tondeuse.inc"},"image":{"@id":"https:\/\/site17.arn1103.uqat.ca\/#\/schema\/logo\/image\/"}}]}},"_links":{"self":[{"href":"https:\/\/site17.arn1103.uqat.ca\/index.php\/wp-json\/wp\/v2\/pages\/45","targetHints":{"allow":["GET"]}}],"collection":[{"href":"https:\/\/site17.arn1103.uqat.ca\/index.php\/wp-json\/wp\/v2\/pages"}],"about":[{"href":"https:\/\/site17.arn1103.uqat.ca\/index.php\/wp-json\/wp\/v2\/types\/page"}],"author":[{"embeddable":true,"href":"https:\/\/site17.arn1103.uqat.ca\/index.php\/wp-json\/wp\/v2\/users\/1"}],"replies":[{"embeddable":true,"href":"https:\/\/site17.arn1103.uqat.ca\/index.php\/wp-json\/wp\/v2\/comments?post=45"}],"version-history":[{"count":3,"href":"https:\/\/site17.arn1103.uqat.ca\/index.php\/wp-json\/wp\/v2\/pages\/45\/revisions"}],"predecessor-version":[{"id":60,"href":"https:\/\/site17.arn1103.uqat.ca\/index.php\/wp-json\/wp\/v2\/pages\/45\/revisions\/60"}],"wp:attachment":[{"href":"https:\/\/site17.arn1103.uqat.ca\/index.php\/wp-json\/wp\/v2\/media?parent=45"}],"curies":[{"name":"wp","href":"https:\/\/api.w.org\/{rel}","templated":true}]}}